{"id":24543,"date":"2023-12-30T04:25:36","date_gmt":"2023-12-30T04:25:36","guid":{"rendered":"https:\/\/enshroudedserverhosting.com\/inhagnad-hur-man-tillverkar-en-gripkrok\/"},"modified":"2023-12-30T04:25:36","modified_gmt":"2023-12-30T04:25:36","slug":"inhagnad-hur-man-tillverkar-en-gripkrok","status":"publish","type":"page","link":"https:\/\/enshroudedserverhosting.com\/sv\/inhagnad-hur-man-tillverkar-en-gripkrok\/","title":{"rendered":"Inh\u00e4gnad: Hur man tillverkar en gripkrok."},"content":{"rendered":"","protected":false},"excerpt":{"rendered":"","protected":false},"author":1,"featured_media":23811,"parent":0,"menu_order":0,"comment_status":"closed","ping_status":"closed","template":"","meta":{"footnotes":""},"class_list":["post-24543","page","type-page","status-publish","has-post-thumbnail","hentry"],"yoast_head":"<!-- This site is optimized with the Yoast SEO plugin v27.5 - https:\/\/yoast.com\/product\/yoast-seo-wordpress\/ -->\n<title>Inh\u00e4gnad: Hur man tillverkar en gripkrok. - Enshrouded Server Hosting<\/title>\n<meta name=\"description\" content=\"Omsvept: F\u00f6r att tillverka en gripkrok - beh\u00f6ver du samla och tillverka. - Utforska, rensa, bygg, anpassa, sl\u00e5ss och \u00f6verlev!\" \/>\n<meta name=\"robots\" content=\"index, follow, max-snippet:-1, max-image-preview:large, max-video-preview:-1\" \/>\n<link rel=\"canonical\" href=\"https:\/\/enshroudedserverhosting.com\/sv\/inhagnad-hur-man-tillverkar-en-gripkrok\/\" \/>\n<meta property=\"og:locale\" content=\"sv_SE\" \/>\n<meta property=\"og:type\" content=\"article\" \/>\n<meta property=\"og:title\" content=\"Inh\u00e4gnad: Hur man tillverkar en gripkrok. - Enshrouded Server Hosting\" \/>\n<meta property=\"og:description\" content=\"Omsvept: F\u00f6r att tillverka en gripkrok - beh\u00f6ver du samla och tillverka. - Utforska, rensa, bygg, anpassa, sl\u00e5ss och \u00f6verlev!\" \/>\n<meta property=\"og:url\" content=\"https:\/\/enshroudedserverhosting.com\/sv\/inhagnad-hur-man-tillverkar-en-gripkrok\/\" \/>\n<meta property=\"og:site_name\" content=\"Enshrouded Server Hosting\" \/>\n<meta property=\"og:image\" content=\"https:\/\/enshroudedserverhosting.com\/wp-content\/uploads\/2024\/01\/enshrouded_craft_tool_grapplinghook.png\" \/>\n\t<meta property=\"og:image:width\" content=\"1073\" \/>\n\t<meta property=\"og:image:height\" content=\"440\" \/>\n\t<meta property=\"og:image:type\" content=\"image\/png\" \/>\n<meta name=\"twitter:card\" content=\"summary_large_image\" \/>\n<script type=\"application\/ld+json\" class=\"yoast-schema-graph\">{\"@context\":\"https:\\\/\\\/schema.org\",\"@graph\":[{\"@type\":\"WebPage\",\"@id\":\"https:\\\/\\\/enshroudedserverhosting.com\\\/sv\\\/inhagnad-hur-man-tillverkar-en-gripkrok\\\/\",\"url\":\"https:\\\/\\\/enshroudedserverhosting.com\\\/sv\\\/inhagnad-hur-man-tillverkar-en-gripkrok\\\/\",\"name\":\"Inh\u00e4gnad: Hur man tillverkar en gripkrok. - Enshrouded Server Hosting\",\"isPartOf\":{\"@id\":\"https:\\\/\\\/enshroudedserverhosting.com\\\/sv\\\/#website\"},\"primaryImageOfPage\":{\"@id\":\"https:\\\/\\\/enshroudedserverhosting.com\\\/sv\\\/inhagnad-hur-man-tillverkar-en-gripkrok\\\/#primaryimage\"},\"image\":{\"@id\":\"https:\\\/\\\/enshroudedserverhosting.com\\\/sv\\\/inhagnad-hur-man-tillverkar-en-gripkrok\\\/#primaryimage\"},\"thumbnailUrl\":\"https:\\\/\\\/enshroudedserverhosting.com\\\/wp-content\\\/uploads\\\/2024\\\/01\\\/enshrouded_craft_tool_grapplinghook.png\",\"datePublished\":\"2023-12-30T04:25:36+00:00\",\"description\":\"Omsvept: F\u00f6r att tillverka en gripkrok - beh\u00f6ver du samla och tillverka. - Utforska, rensa, bygg, anpassa, sl\u00e5ss och \u00f6verlev!\",\"breadcrumb\":{\"@id\":\"https:\\\/\\\/enshroudedserverhosting.com\\\/sv\\\/inhagnad-hur-man-tillverkar-en-gripkrok\\\/#breadcrumb\"},\"inLanguage\":\"sv-SE\",\"potentialAction\":[{\"@type\":\"ReadAction\",\"target\":[\"https:\\\/\\\/enshroudedserverhosting.com\\\/sv\\\/inhagnad-hur-man-tillverkar-en-gripkrok\\\/\"]}]},{\"@type\":\"ImageObject\",\"inLanguage\":\"sv-SE\",\"@id\":\"https:\\\/\\\/enshroudedserverhosting.com\\\/sv\\\/inhagnad-hur-man-tillverkar-en-gripkrok\\\/#primaryimage\",\"url\":\"https:\\\/\\\/enshroudedserverhosting.com\\\/wp-content\\\/uploads\\\/2024\\\/01\\\/enshrouded_craft_tool_grapplinghook.png\",\"contentUrl\":\"https:\\\/\\\/enshroudedserverhosting.com\\\/wp-content\\\/uploads\\\/2024\\\/01\\\/enshrouded_craft_tool_grapplinghook.png\",\"width\":1073,\"height\":440,\"caption\":\"Enshrouded Grappling Hook Rool craft screen\"},{\"@type\":\"BreadcrumbList\",\"@id\":\"https:\\\/\\\/enshroudedserverhosting.com\\\/sv\\\/inhagnad-hur-man-tillverkar-en-gripkrok\\\/#breadcrumb\",\"itemListElement\":[{\"@type\":\"ListItem\",\"position\":1,\"name\":\"Home\",\"item\":\"https:\\\/\\\/enshroudedserverhosting.com\\\/sv\\\/\"},{\"@type\":\"ListItem\",\"position\":2,\"name\":\"Inh\u00e4gnad: Hur man tillverkar en gripkrok.\"}]},{\"@type\":\"WebSite\",\"@id\":\"https:\\\/\\\/enshroudedserverhosting.com\\\/sv\\\/#website\",\"url\":\"https:\\\/\\\/enshroudedserverhosting.com\\\/sv\\\/\",\"name\":\"Enshrouded Server Hosting\",\"description\":\"Enshrouded Server Hosting\",\"potentialAction\":[{\"@type\":\"SearchAction\",\"target\":{\"@type\":\"EntryPoint\",\"urlTemplate\":\"https:\\\/\\\/enshroudedserverhosting.com\\\/sv\\\/?s={search_term_string}\"},\"query-input\":{\"@type\":\"PropertyValueSpecification\",\"valueRequired\":true,\"valueName\":\"search_term_string\"}}],\"inLanguage\":\"sv-SE\"}]}<\/script>\n<!-- \/ Yoast SEO plugin. -->","yoast_head_json":{"title":"Inh\u00e4gnad: Hur man tillverkar en gripkrok. - Enshrouded Server Hosting","description":"Omsvept: F\u00f6r att tillverka en gripkrok - beh\u00f6ver du samla och tillverka. - Utforska, rensa, bygg, anpassa, sl\u00e5ss och \u00f6verlev!","robots":{"index":"index","follow":"follow","max-snippet":"max-snippet:-1","max-image-preview":"max-image-preview:large","max-video-preview":"max-video-preview:-1"},"canonical":"https:\/\/enshroudedserverhosting.com\/sv\/inhagnad-hur-man-tillverkar-en-gripkrok\/","og_locale":"sv_SE","og_type":"article","og_title":"Inh\u00e4gnad: Hur man tillverkar en gripkrok. - Enshrouded Server Hosting","og_description":"Omsvept: F\u00f6r att tillverka en gripkrok - beh\u00f6ver du samla och tillverka. - Utforska, rensa, bygg, anpassa, sl\u00e5ss och \u00f6verlev!","og_url":"https:\/\/enshroudedserverhosting.com\/sv\/inhagnad-hur-man-tillverkar-en-gripkrok\/","og_site_name":"Enshrouded Server Hosting","og_image":[{"width":1073,"height":440,"url":"https:\/\/enshroudedserverhosting.com\/wp-content\/uploads\/2024\/01\/enshrouded_craft_tool_grapplinghook.png","type":"image\/png"}],"twitter_card":"summary_large_image","schema":{"@context":"https:\/\/schema.org","@graph":[{"@type":"WebPage","@id":"https:\/\/enshroudedserverhosting.com\/sv\/inhagnad-hur-man-tillverkar-en-gripkrok\/","url":"https:\/\/enshroudedserverhosting.com\/sv\/inhagnad-hur-man-tillverkar-en-gripkrok\/","name":"Inh\u00e4gnad: Hur man tillverkar en gripkrok. - Enshrouded Server Hosting","isPartOf":{"@id":"https:\/\/enshroudedserverhosting.com\/sv\/#website"},"primaryImageOfPage":{"@id":"https:\/\/enshroudedserverhosting.com\/sv\/inhagnad-hur-man-tillverkar-en-gripkrok\/#primaryimage"},"image":{"@id":"https:\/\/enshroudedserverhosting.com\/sv\/inhagnad-hur-man-tillverkar-en-gripkrok\/#primaryimage"},"thumbnailUrl":"https:\/\/enshroudedserverhosting.com\/wp-content\/uploads\/2024\/01\/enshrouded_craft_tool_grapplinghook.png","datePublished":"2023-12-30T04:25:36+00:00","description":"Omsvept: F\u00f6r att tillverka en gripkrok - beh\u00f6ver du samla och tillverka. - Utforska, rensa, bygg, anpassa, sl\u00e5ss och \u00f6verlev!","breadcrumb":{"@id":"https:\/\/enshroudedserverhosting.com\/sv\/inhagnad-hur-man-tillverkar-en-gripkrok\/#breadcrumb"},"inLanguage":"sv-SE","potentialAction":[{"@type":"ReadAction","target":["https:\/\/enshroudedserverhosting.com\/sv\/inhagnad-hur-man-tillverkar-en-gripkrok\/"]}]},{"@type":"ImageObject","inLanguage":"sv-SE","@id":"https:\/\/enshroudedserverhosting.com\/sv\/inhagnad-hur-man-tillverkar-en-gripkrok\/#primaryimage","url":"https:\/\/enshroudedserverhosting.com\/wp-content\/uploads\/2024\/01\/enshrouded_craft_tool_grapplinghook.png","contentUrl":"https:\/\/enshroudedserverhosting.com\/wp-content\/uploads\/2024\/01\/enshrouded_craft_tool_grapplinghook.png","width":1073,"height":440,"caption":"Enshrouded Grappling Hook Rool craft screen"},{"@type":"BreadcrumbList","@id":"https:\/\/enshroudedserverhosting.com\/sv\/inhagnad-hur-man-tillverkar-en-gripkrok\/#breadcrumb","itemListElement":[{"@type":"ListItem","position":1,"name":"Home","item":"https:\/\/enshroudedserverhosting.com\/sv\/"},{"@type":"ListItem","position":2,"name":"Inh\u00e4gnad: Hur man tillverkar en gripkrok."}]},{"@type":"WebSite","@id":"https:\/\/enshroudedserverhosting.com\/sv\/#website","url":"https:\/\/enshroudedserverhosting.com\/sv\/","name":"Enshrouded Server Hosting","description":"Enshrouded Server Hosting","potentialAction":[{"@type":"SearchAction","target":{"@type":"EntryPoint","urlTemplate":"https:\/\/enshroudedserverhosting.com\/sv\/?s={search_term_string}"},"query-input":{"@type":"PropertyValueSpecification","valueRequired":true,"valueName":"search_term_string"}}],"inLanguage":"sv-SE"}]}},"_links":{"self":[{"href":"https:\/\/enshroudedserverhosting.com\/sv\/wp-json\/wp\/v2\/pages\/24543","targetHints":{"allow":["GET"]}}],"collection":[{"href":"https:\/\/enshroudedserverhosting.com\/sv\/wp-json\/wp\/v2\/pages"}],"about":[{"href":"https:\/\/enshroudedserverhosting.com\/sv\/wp-json\/wp\/v2\/types\/page"}],"author":[{"embeddable":true,"href":"https:\/\/enshroudedserverhosting.com\/sv\/wp-json\/wp\/v2\/users\/1"}],"replies":[{"embeddable":true,"href":"https:\/\/enshroudedserverhosting.com\/sv\/wp-json\/wp\/v2\/comments?post=24543"}],"version-history":[{"count":0,"href":"https:\/\/enshroudedserverhosting.com\/sv\/wp-json\/wp\/v2\/pages\/24543\/revisions"}],"wp:featuredmedia":[{"embeddable":true,"href":"https:\/\/enshroudedserverhosting.com\/sv\/wp-json\/wp\/v2\/media\/23811"}],"wp:attachment":[{"href":"https:\/\/enshroudedserverhosting.com\/sv\/wp-json\/wp\/v2\/media?parent=24543"}],"curies":[{"name":"wp","href":"https:\/\/api.w.org\/{rel}","templated":true}]}}