{"id":21444,"date":"2023-10-15T14:53:26","date_gmt":"2023-10-15T14:53:26","guid":{"rendered":"https:\/\/enshroudedserverhosting.com\/blogg\/"},"modified":"2023-12-27T18:56:04","modified_gmt":"2023-12-27T18:56:04","slug":"blogg","status":"publish","type":"page","link":"https:\/\/enshroudedserverhosting.com\/sv\/blogg\/","title":{"rendered":"BLOGG"},"content":{"rendered":"\n<h1>\n\t\tEnshrouded Blog Posts\n\t<\/h1>\n\t<p><strong>Get the latest Enshrouded blogs with the latest news, stories, gameplay, release information, all in one place.<\/strong><\/p>\n<p><strong>Now its time to get Excited, Thrilled, Exhilerated&#8230; and get ready for Enshrouded!<\/strong><\/p>\n\n","protected":false},"excerpt":{"rendered":"<p>Enshrouded Blog Posts Get the latest Enshrouded blogs with the latest news, stories, gameplay, release information, all in one place. Now its time to get Excited, Thrilled, Exhilerated&#8230; and get ready for Enshrouded!<\/p>\n","protected":false},"author":1,"featured_media":0,"parent":0,"menu_order":0,"comment_status":"closed","ping_status":"closed","template":"","meta":{"footnotes":""},"class_list":["post-21444","page","type-page","status-publish","hentry"],"yoast_head":"<!-- This site is optimized with the Yoast SEO plugin v27.5 - https:\/\/yoast.com\/product\/yoast-seo-wordpress\/ -->\n<title>BLOGG - Enshrouded Server Hosting Enshrouded: Blogginl\u00e4gg - Nyheter - Gameplay - Utgivningsdatum<\/title>\n<meta name=\"description\" content=\"Enshrouded Server Hosting BLOGG Enshrouded: Blogginl\u00e4gg - F\u00e5 det senaste inom - Nyheter, Gameplay, - Release Info sep Uppdateringar -\" \/>\n<meta name=\"robots\" content=\"index, follow, max-snippet:-1, max-image-preview:large, max-video-preview:-1\" \/>\n<link rel=\"canonical\" href=\"https:\/\/enshroudedserverhosting.com\/sv\/blogg\/\" \/>\n<meta property=\"og:locale\" content=\"sv_SE\" \/>\n<meta property=\"og:type\" content=\"article\" \/>\n<meta property=\"og:title\" content=\"BLOGG - Enshrouded Server Hosting Enshrouded: Blogginl\u00e4gg - Nyheter - Gameplay - Utgivningsdatum\" \/>\n<meta property=\"og:description\" content=\"Enshrouded Server Hosting BLOGG Enshrouded: Blogginl\u00e4gg - F\u00e5 det senaste inom - Nyheter, Gameplay, - Release Info sep Uppdateringar -\" \/>\n<meta property=\"og:url\" content=\"https:\/\/enshroudedserverhosting.com\/sv\/blogg\/\" \/>\n<meta property=\"og:site_name\" content=\"Enshrouded Server Hosting\" \/>\n<meta property=\"article:modified_time\" content=\"2023-12-27T18:56:04+00:00\" \/>\n<meta name=\"twitter:card\" content=\"summary_large_image\" \/>\n<script type=\"application\/ld+json\" class=\"yoast-schema-graph\">{\"@context\":\"https:\\\/\\\/schema.org\",\"@graph\":[{\"@type\":\"WebPage\",\"@id\":\"https:\\\/\\\/enshroudedserverhosting.com\\\/sv\\\/blogg\\\/\",\"url\":\"https:\\\/\\\/enshroudedserverhosting.com\\\/sv\\\/blogg\\\/\",\"name\":\"BLOGG - Enshrouded Server Hosting Enshrouded: Blogginl\u00e4gg - Nyheter - Gameplay - Utgivningsdatum\",\"isPartOf\":{\"@id\":\"https:\\\/\\\/enshroudedserverhosting.com\\\/sv\\\/#website\"},\"datePublished\":\"2023-10-15T14:53:26+00:00\",\"dateModified\":\"2023-12-27T18:56:04+00:00\",\"description\":\"Enshrouded Server Hosting BLOGG Enshrouded: Blogginl\u00e4gg - F\u00e5 det senaste inom - Nyheter, Gameplay, - Release Info sep Uppdateringar -\",\"breadcrumb\":{\"@id\":\"https:\\\/\\\/enshroudedserverhosting.com\\\/sv\\\/blogg\\\/#breadcrumb\"},\"inLanguage\":\"sv-SE\",\"potentialAction\":[{\"@type\":\"ReadAction\",\"target\":[\"https:\\\/\\\/enshroudedserverhosting.com\\\/sv\\\/blogg\\\/\"]}]},{\"@type\":\"BreadcrumbList\",\"@id\":\"https:\\\/\\\/enshroudedserverhosting.com\\\/sv\\\/blogg\\\/#breadcrumb\",\"itemListElement\":[{\"@type\":\"ListItem\",\"position\":1,\"name\":\"Home\",\"item\":\"https:\\\/\\\/enshroudedserverhosting.com\\\/sv\\\/\"},{\"@type\":\"ListItem\",\"position\":2,\"name\":\"BLOGG\"}]},{\"@type\":\"WebSite\",\"@id\":\"https:\\\/\\\/enshroudedserverhosting.com\\\/sv\\\/#website\",\"url\":\"https:\\\/\\\/enshroudedserverhosting.com\\\/sv\\\/\",\"name\":\"Enshrouded Server Hosting\",\"description\":\"Enshrouded Server Hosting\",\"potentialAction\":[{\"@type\":\"SearchAction\",\"target\":{\"@type\":\"EntryPoint\",\"urlTemplate\":\"https:\\\/\\\/enshroudedserverhosting.com\\\/sv\\\/?s={search_term_string}\"},\"query-input\":{\"@type\":\"PropertyValueSpecification\",\"valueRequired\":true,\"valueName\":\"search_term_string\"}}],\"inLanguage\":\"sv-SE\"}]}<\/script>\n<!-- \/ Yoast SEO plugin. -->","yoast_head_json":{"title":"BLOGG - Enshrouded Server Hosting Enshrouded: Blogginl\u00e4gg - Nyheter - Gameplay - Utgivningsdatum","description":"Enshrouded Server Hosting BLOGG Enshrouded: Blogginl\u00e4gg - F\u00e5 det senaste inom - Nyheter, Gameplay, - Release Info sep Uppdateringar -","robots":{"index":"index","follow":"follow","max-snippet":"max-snippet:-1","max-image-preview":"max-image-preview:large","max-video-preview":"max-video-preview:-1"},"canonical":"https:\/\/enshroudedserverhosting.com\/sv\/blogg\/","og_locale":"sv_SE","og_type":"article","og_title":"BLOGG - Enshrouded Server Hosting Enshrouded: Blogginl\u00e4gg - Nyheter - Gameplay - Utgivningsdatum","og_description":"Enshrouded Server Hosting BLOGG Enshrouded: Blogginl\u00e4gg - F\u00e5 det senaste inom - Nyheter, Gameplay, - Release Info sep Uppdateringar -","og_url":"https:\/\/enshroudedserverhosting.com\/sv\/blogg\/","og_site_name":"Enshrouded Server Hosting","article_modified_time":"2023-12-27T18:56:04+00:00","twitter_card":"summary_large_image","schema":{"@context":"https:\/\/schema.org","@graph":[{"@type":"WebPage","@id":"https:\/\/enshroudedserverhosting.com\/sv\/blogg\/","url":"https:\/\/enshroudedserverhosting.com\/sv\/blogg\/","name":"BLOGG - Enshrouded Server Hosting Enshrouded: Blogginl\u00e4gg - Nyheter - Gameplay - Utgivningsdatum","isPartOf":{"@id":"https:\/\/enshroudedserverhosting.com\/sv\/#website"},"datePublished":"2023-10-15T14:53:26+00:00","dateModified":"2023-12-27T18:56:04+00:00","description":"Enshrouded Server Hosting BLOGG Enshrouded: Blogginl\u00e4gg - F\u00e5 det senaste inom - Nyheter, Gameplay, - Release Info sep Uppdateringar -","breadcrumb":{"@id":"https:\/\/enshroudedserverhosting.com\/sv\/blogg\/#breadcrumb"},"inLanguage":"sv-SE","potentialAction":[{"@type":"ReadAction","target":["https:\/\/enshroudedserverhosting.com\/sv\/blogg\/"]}]},{"@type":"BreadcrumbList","@id":"https:\/\/enshroudedserverhosting.com\/sv\/blogg\/#breadcrumb","itemListElement":[{"@type":"ListItem","position":1,"name":"Home","item":"https:\/\/enshroudedserverhosting.com\/sv\/"},{"@type":"ListItem","position":2,"name":"BLOGG"}]},{"@type":"WebSite","@id":"https:\/\/enshroudedserverhosting.com\/sv\/#website","url":"https:\/\/enshroudedserverhosting.com\/sv\/","name":"Enshrouded Server Hosting","description":"Enshrouded Server Hosting","potentialAction":[{"@type":"SearchAction","target":{"@type":"EntryPoint","urlTemplate":"https:\/\/enshroudedserverhosting.com\/sv\/?s={search_term_string}"},"query-input":{"@type":"PropertyValueSpecification","valueRequired":true,"valueName":"search_term_string"}}],"inLanguage":"sv-SE"}]}},"_links":{"self":[{"href":"https:\/\/enshroudedserverhosting.com\/sv\/wp-json\/wp\/v2\/pages\/21444","targetHints":{"allow":["GET"]}}],"collection":[{"href":"https:\/\/enshroudedserverhosting.com\/sv\/wp-json\/wp\/v2\/pages"}],"about":[{"href":"https:\/\/enshroudedserverhosting.com\/sv\/wp-json\/wp\/v2\/types\/page"}],"author":[{"embeddable":true,"href":"https:\/\/enshroudedserverhosting.com\/sv\/wp-json\/wp\/v2\/users\/1"}],"replies":[{"embeddable":true,"href":"https:\/\/enshroudedserverhosting.com\/sv\/wp-json\/wp\/v2\/comments?post=21444"}],"version-history":[{"count":0,"href":"https:\/\/enshroudedserverhosting.com\/sv\/wp-json\/wp\/v2\/pages\/21444\/revisions"}],"wp:attachment":[{"href":"https:\/\/enshroudedserverhosting.com\/sv\/wp-json\/wp\/v2\/media?parent=21444"}],"curies":[{"name":"wp","href":"https:\/\/api.w.org\/{rel}","templated":true}]}}