{"id":23276,"date":"2023-12-29T22:40:02","date_gmt":"2023-12-29T22:40:02","guid":{"rendered":"https:\/\/enshroudedserverhosting.com\/boss-w-otchlani-jak-pokonac-bossa-upadly-gromowladny\/"},"modified":"2024-01-15T16:34:24","modified_gmt":"2024-01-15T16:34:24","slug":"boss-w-otchlani-jak-pokonac-bossa-upadly-gromowladny","status":"publish","type":"page","link":"https:\/\/enshroudedserverhosting.com\/pl\/boss-w-otchlani-jak-pokonac-bossa-upadly-gromowladny\/","title":{"rendered":"Boss w otch\u0142ani: Jak pokona\u0107 bossa &#8222;Upad\u0142y Gromow\u0142adny&#8221;."},"content":{"rendered":"\n<h1>\n\t\tEnshrouded: 'Fell Thunderbrute&#8217; Boss Fight!\n\t<\/h1>\n\t<h2><strong>How to find\u00a0Fell Thunderbrute<\/strong><\/h2>\n<p>&nbsp;<\/p>\n<p>Fell Thunderbrute is located at the bottom of &#8222;<strong>The Elixer Well<\/strong>&#8222;, an area that you maybe already be firmilar with from the demo.\u00a0 Just keep heading down deeper and deeper into the well. Once you see reach an dark large open cavern with a Shroud Root in the centre, you should see him standing to the right of it.<\/p>\n<p><em>Hint: if your enter quietly he will have his back to you.<\/em><\/p>\n<p>&nbsp;<\/p>\n<p><img loading=\"lazy\" decoding=\"async\" src=\"https:\/\/enshroudedserverhosting.com\/wp-content\/uploads\/2023\/12\/Design-3-1024x536.jpeg\" alt=\"Enshrouded Boss fell thunderbrute\" width=\"1024\" height=\"536\" \/><\/p>\n<p>&nbsp;<\/p>\n<h2>How to Fight Fell Thunderbrute<\/h2>\nThe Brute is as big and as ugly as they come. But once you get over his size. You&#8217;l find hes pretty slow, and even that huge melee weapon is pretty cumbersome.<br \/>\nHe has a straight forward attack pattern, which is mainly a pretty large horizontal swing.\n<p>Depending on your armor, he deals about 36 damage points -\/+5 depending on what your wearing, so posing a pretty big threat to new low ranking players at the start.<\/p>\nObviously going toe to toe isnt in your interest here. You can stick to ranged weapons.<br \/>\nBut we found fire and magic worked best here fire blasts \/ ice bolts. Check out our article on &#8222;<a href=\"https:\/\/enshroudedserverhosting.com\/enshrouded-weapons\/\">Enshrouded: Weapons<\/a>&#8221; for an upto date list of all the weapon types and arcane magic available at your finger tips.\n<p>Stick to the simple strategy of keep moving, stay out of his reach and avoid getting cornered, and you will make short work of this Boss.<\/p>\n<p>&nbsp;<\/p>\n<h2>Boss Rewards<\/h2>\n<p>As soon as the brute is down and your towering over his body.\u00a0 You get to loot the body. We got a legendary ranked axe, and trophy. Although, as this was done during the demo period, we arn&#8217;t quite sure if the trophys are worth anything more, then putting on a shelf in your newly built stone enshrouded house.<\/p>\n<p>&nbsp;<\/p>\n<p><img loading=\"lazy\" decoding=\"async\" src=\"https:\/\/enshroudedserverhosting.com\/wp-content\/uploads\/2023\/10\/enshrouded-1200x628-1-1024x536.jpg\" alt=\"enshrouded main title\" width=\"1024\" height=\"536\" \/><\/p>\n<p>&nbsp;<\/p>\n<p>Now jump onboard and visit us at <a href=\"https:\/\/enshroudedserverhosting.com\/\">Enshrouded server hosting<\/a>.com. Come get your Enshrouded Server up and running today!<\/p>\n\t\t\t\t\t\t\t\t\t\t<h4 tabindex=\"0\">Who is the first Boss in Enshrouded?<\/h4>\n\t\t\t\t\t<p>The Boss we encountered in the demo, is Fell ThunderBrute, a towering beast with large horns, swinging a long bladed staff.\u00a0<\/p>\n\t\t\t\t\t\t\t\t\t\t<h4 tabindex=\"0\">What is the name of the Demo Boss in Enshrouded?<\/h4>\n\t\t\t\t\t<p>Fell Thunderbrute<\/p>\n\t\t\t\t\t\t\t\t\t\t<h4 tabindex=\"0\">Where do i find the first Enshrouded Boss?<\/h4>\n\t\t\t\t\t<p>Fell ThunderBrute is located at the bottom of the &#8222;Elixer Well&#8217;.\u00a0<br \/>Note: This was the location in the Demo, but we had confirmation from the developers at keen games, that he is in the full release.<\/p>\n\n","protected":false},"excerpt":{"rendered":"<p>Enshrouded: 'Fell Thunderbrute&#8217; Boss Fight! How to find\u00a0Fell Thunderbrute &nbsp; Fell Thunderbrute is located at the bottom of &#8222;The Elixer Well&#8222;, an area that you maybe already be firmilar with from the demo.\u00a0 Just keep heading down deeper and deeper into the well. Once you see reach an dark large open cavern with a Shroud&hellip;<\/p>\n","protected":false},"author":2,"featured_media":23255,"parent":0,"menu_order":0,"comment_status":"closed","ping_status":"closed","template":"","meta":{"footnotes":""},"class_list":["post-23276","page","type-page","status-publish","has-post-thumbnail","hentry"],"yoast_head":"<!-- This site is optimized with the Yoast SEO plugin v27.5 - https:\/\/yoast.com\/product\/yoast-seo-wordpress\/ -->\n<title>Boss w otch\u0142ani: Jak pokona\u0107 bossa &quot;Upad\u0142y Gromow\u0142adny&quot;. - Enshrouded Server Hosting<\/title>\n<meta name=\"description\" content=\"Enshrouded: Jak pokona\u0107 owianego tajemnic\u0105 bossa &quot;Fell Thunderbrute&quot; - Jak znale\u017a\u0107 i pokona\u0107 owianego tajemnic\u0105 bossa z wersji demonstracyjnej.\" \/>\n<meta name=\"robots\" content=\"index, follow, max-snippet:-1, max-image-preview:large, max-video-preview:-1\" \/>\n<link rel=\"canonical\" href=\"https:\/\/enshroudedserverhosting.com\/pl\/boss-w-otchlani-jak-pokonac-bossa-upadly-gromowladny\/\" \/>\n<meta property=\"og:locale\" content=\"pl_PL\" \/>\n<meta property=\"og:type\" content=\"article\" \/>\n<meta property=\"og:title\" content=\"Boss w otch\u0142ani: Jak pokona\u0107 bossa &quot;Upad\u0142y Gromow\u0142adny&quot;. - Enshrouded Server Hosting\" \/>\n<meta property=\"og:description\" content=\"Enshrouded: Jak pokona\u0107 owianego tajemnic\u0105 bossa &quot;Fell Thunderbrute&quot; - Jak znale\u017a\u0107 i pokona\u0107 owianego tajemnic\u0105 bossa z wersji demonstracyjnej.\" \/>\n<meta property=\"og:url\" content=\"https:\/\/enshroudedserverhosting.com\/pl\/boss-w-otchlani-jak-pokonac-bossa-upadly-gromowladny\/\" \/>\n<meta property=\"og:site_name\" content=\"Enshrouded Server Hosting\" \/>\n<meta property=\"article:modified_time\" content=\"2024-01-15T16:34:24+00:00\" \/>\n<meta property=\"og:image\" content=\"https:\/\/enshroudedserverhosting.com\/wp-content\/uploads\/2023\/12\/Design-3.png\" \/>\n\t<meta property=\"og:image:width\" content=\"1200\" \/>\n\t<meta property=\"og:image:height\" content=\"628\" \/>\n\t<meta property=\"og:image:type\" content=\"image\/png\" \/>\n<meta name=\"twitter:card\" content=\"summary_large_image\" \/>\n<meta name=\"twitter:label1\" content=\"Szacowany czas czytania\" \/>\n\t<meta name=\"twitter:data1\" content=\"2 minuty\" \/>\n<script type=\"application\/ld+json\" class=\"yoast-schema-graph\">{\"@context\":\"https:\\\/\\\/schema.org\",\"@graph\":[{\"@type\":\"WebPage\",\"@id\":\"https:\\\/\\\/enshroudedserverhosting.com\\\/pl\\\/boss-w-otchlani-jak-pokonac-bossa-upadly-gromowladny\\\/\",\"url\":\"https:\\\/\\\/enshroudedserverhosting.com\\\/pl\\\/boss-w-otchlani-jak-pokonac-bossa-upadly-gromowladny\\\/\",\"name\":\"Boss w otch\u0142ani: Jak pokona\u0107 bossa \\\"Upad\u0142y Gromow\u0142adny\\\". - Enshrouded Server Hosting\",\"isPartOf\":{\"@id\":\"https:\\\/\\\/enshroudedserverhosting.com\\\/pl\\\/#website\"},\"primaryImageOfPage\":{\"@id\":\"https:\\\/\\\/enshroudedserverhosting.com\\\/pl\\\/boss-w-otchlani-jak-pokonac-bossa-upadly-gromowladny\\\/#primaryimage\"},\"image\":{\"@id\":\"https:\\\/\\\/enshroudedserverhosting.com\\\/pl\\\/boss-w-otchlani-jak-pokonac-bossa-upadly-gromowladny\\\/#primaryimage\"},\"thumbnailUrl\":\"https:\\\/\\\/enshroudedserverhosting.com\\\/wp-content\\\/uploads\\\/2023\\\/12\\\/Design-3.png\",\"datePublished\":\"2023-12-29T22:40:02+00:00\",\"dateModified\":\"2024-01-15T16:34:24+00:00\",\"description\":\"Enshrouded: Jak pokona\u0107 owianego tajemnic\u0105 bossa \\\"Fell Thunderbrute\\\" - Jak znale\u017a\u0107 i pokona\u0107 owianego tajemnic\u0105 bossa z wersji demonstracyjnej.\",\"breadcrumb\":{\"@id\":\"https:\\\/\\\/enshroudedserverhosting.com\\\/pl\\\/boss-w-otchlani-jak-pokonac-bossa-upadly-gromowladny\\\/#breadcrumb\"},\"inLanguage\":\"pl-PL\",\"potentialAction\":[{\"@type\":\"ReadAction\",\"target\":[\"https:\\\/\\\/enshroudedserverhosting.com\\\/pl\\\/boss-w-otchlani-jak-pokonac-bossa-upadly-gromowladny\\\/\"]}]},{\"@type\":\"ImageObject\",\"inLanguage\":\"pl-PL\",\"@id\":\"https:\\\/\\\/enshroudedserverhosting.com\\\/pl\\\/boss-w-otchlani-jak-pokonac-bossa-upadly-gromowladny\\\/#primaryimage\",\"url\":\"https:\\\/\\\/enshroudedserverhosting.com\\\/wp-content\\\/uploads\\\/2023\\\/12\\\/Design-3.png\",\"contentUrl\":\"https:\\\/\\\/enshroudedserverhosting.com\\\/wp-content\\\/uploads\\\/2023\\\/12\\\/Design-3.png\",\"width\":1200,\"height\":628,\"caption\":\"enshrouded boss banner Fell Thunderbrute\"},{\"@type\":\"BreadcrumbList\",\"@id\":\"https:\\\/\\\/enshroudedserverhosting.com\\\/pl\\\/boss-w-otchlani-jak-pokonac-bossa-upadly-gromowladny\\\/#breadcrumb\",\"itemListElement\":[{\"@type\":\"ListItem\",\"position\":1,\"name\":\"Home\",\"item\":\"https:\\\/\\\/enshroudedserverhosting.com\\\/pl\\\/\"},{\"@type\":\"ListItem\",\"position\":2,\"name\":\"Boss w otch\u0142ani: Jak pokona\u0107 bossa &#8220;Upad\u0142y Gromow\u0142adny&#8221;.\"}]},{\"@type\":\"WebSite\",\"@id\":\"https:\\\/\\\/enshroudedserverhosting.com\\\/pl\\\/#website\",\"url\":\"https:\\\/\\\/enshroudedserverhosting.com\\\/pl\\\/\",\"name\":\"Enshrouded Server Hosting\",\"description\":\"Enshrouded Server Hosting\",\"potentialAction\":[{\"@type\":\"SearchAction\",\"target\":{\"@type\":\"EntryPoint\",\"urlTemplate\":\"https:\\\/\\\/enshroudedserverhosting.com\\\/pl\\\/?s={search_term_string}\"},\"query-input\":{\"@type\":\"PropertyValueSpecification\",\"valueRequired\":true,\"valueName\":\"search_term_string\"}}],\"inLanguage\":\"pl-PL\"}]}<\/script>\n<!-- \/ Yoast SEO plugin. -->","yoast_head_json":{"title":"Boss w otch\u0142ani: Jak pokona\u0107 bossa \"Upad\u0142y Gromow\u0142adny\". - Enshrouded Server Hosting","description":"Enshrouded: Jak pokona\u0107 owianego tajemnic\u0105 bossa \"Fell Thunderbrute\" - Jak znale\u017a\u0107 i pokona\u0107 owianego tajemnic\u0105 bossa z wersji demonstracyjnej.","robots":{"index":"index","follow":"follow","max-snippet":"max-snippet:-1","max-image-preview":"max-image-preview:large","max-video-preview":"max-video-preview:-1"},"canonical":"https:\/\/enshroudedserverhosting.com\/pl\/boss-w-otchlani-jak-pokonac-bossa-upadly-gromowladny\/","og_locale":"pl_PL","og_type":"article","og_title":"Boss w otch\u0142ani: Jak pokona\u0107 bossa \"Upad\u0142y Gromow\u0142adny\". - Enshrouded Server Hosting","og_description":"Enshrouded: Jak pokona\u0107 owianego tajemnic\u0105 bossa \"Fell Thunderbrute\" - Jak znale\u017a\u0107 i pokona\u0107 owianego tajemnic\u0105 bossa z wersji demonstracyjnej.","og_url":"https:\/\/enshroudedserverhosting.com\/pl\/boss-w-otchlani-jak-pokonac-bossa-upadly-gromowladny\/","og_site_name":"Enshrouded Server Hosting","article_modified_time":"2024-01-15T16:34:24+00:00","og_image":[{"width":1200,"height":628,"url":"https:\/\/enshroudedserverhosting.com\/wp-content\/uploads\/2023\/12\/Design-3.png","type":"image\/png"}],"twitter_card":"summary_large_image","twitter_misc":{"Szacowany czas czytania":"2 minuty"},"schema":{"@context":"https:\/\/schema.org","@graph":[{"@type":"WebPage","@id":"https:\/\/enshroudedserverhosting.com\/pl\/boss-w-otchlani-jak-pokonac-bossa-upadly-gromowladny\/","url":"https:\/\/enshroudedserverhosting.com\/pl\/boss-w-otchlani-jak-pokonac-bossa-upadly-gromowladny\/","name":"Boss w otch\u0142ani: Jak pokona\u0107 bossa \"Upad\u0142y Gromow\u0142adny\". - Enshrouded Server Hosting","isPartOf":{"@id":"https:\/\/enshroudedserverhosting.com\/pl\/#website"},"primaryImageOfPage":{"@id":"https:\/\/enshroudedserverhosting.com\/pl\/boss-w-otchlani-jak-pokonac-bossa-upadly-gromowladny\/#primaryimage"},"image":{"@id":"https:\/\/enshroudedserverhosting.com\/pl\/boss-w-otchlani-jak-pokonac-bossa-upadly-gromowladny\/#primaryimage"},"thumbnailUrl":"https:\/\/enshroudedserverhosting.com\/wp-content\/uploads\/2023\/12\/Design-3.png","datePublished":"2023-12-29T22:40:02+00:00","dateModified":"2024-01-15T16:34:24+00:00","description":"Enshrouded: Jak pokona\u0107 owianego tajemnic\u0105 bossa \"Fell Thunderbrute\" - Jak znale\u017a\u0107 i pokona\u0107 owianego tajemnic\u0105 bossa z wersji demonstracyjnej.","breadcrumb":{"@id":"https:\/\/enshroudedserverhosting.com\/pl\/boss-w-otchlani-jak-pokonac-bossa-upadly-gromowladny\/#breadcrumb"},"inLanguage":"pl-PL","potentialAction":[{"@type":"ReadAction","target":["https:\/\/enshroudedserverhosting.com\/pl\/boss-w-otchlani-jak-pokonac-bossa-upadly-gromowladny\/"]}]},{"@type":"ImageObject","inLanguage":"pl-PL","@id":"https:\/\/enshroudedserverhosting.com\/pl\/boss-w-otchlani-jak-pokonac-bossa-upadly-gromowladny\/#primaryimage","url":"https:\/\/enshroudedserverhosting.com\/wp-content\/uploads\/2023\/12\/Design-3.png","contentUrl":"https:\/\/enshroudedserverhosting.com\/wp-content\/uploads\/2023\/12\/Design-3.png","width":1200,"height":628,"caption":"enshrouded boss banner Fell Thunderbrute"},{"@type":"BreadcrumbList","@id":"https:\/\/enshroudedserverhosting.com\/pl\/boss-w-otchlani-jak-pokonac-bossa-upadly-gromowladny\/#breadcrumb","itemListElement":[{"@type":"ListItem","position":1,"name":"Home","item":"https:\/\/enshroudedserverhosting.com\/pl\/"},{"@type":"ListItem","position":2,"name":"Boss w otch\u0142ani: Jak pokona\u0107 bossa &#8220;Upad\u0142y Gromow\u0142adny&#8221;."}]},{"@type":"WebSite","@id":"https:\/\/enshroudedserverhosting.com\/pl\/#website","url":"https:\/\/enshroudedserverhosting.com\/pl\/","name":"Enshrouded Server Hosting","description":"Enshrouded Server Hosting","potentialAction":[{"@type":"SearchAction","target":{"@type":"EntryPoint","urlTemplate":"https:\/\/enshroudedserverhosting.com\/pl\/?s={search_term_string}"},"query-input":{"@type":"PropertyValueSpecification","valueRequired":true,"valueName":"search_term_string"}}],"inLanguage":"pl-PL"}]}},"_links":{"self":[{"href":"https:\/\/enshroudedserverhosting.com\/pl\/wp-json\/wp\/v2\/pages\/23276","targetHints":{"allow":["GET"]}}],"collection":[{"href":"https:\/\/enshroudedserverhosting.com\/pl\/wp-json\/wp\/v2\/pages"}],"about":[{"href":"https:\/\/enshroudedserverhosting.com\/pl\/wp-json\/wp\/v2\/types\/page"}],"author":[{"embeddable":true,"href":"https:\/\/enshroudedserverhosting.com\/pl\/wp-json\/wp\/v2\/users\/2"}],"replies":[{"embeddable":true,"href":"https:\/\/enshroudedserverhosting.com\/pl\/wp-json\/wp\/v2\/comments?post=23276"}],"version-history":[{"count":0,"href":"https:\/\/enshroudedserverhosting.com\/pl\/wp-json\/wp\/v2\/pages\/23276\/revisions"}],"wp:featuredmedia":[{"embeddable":true,"href":"https:\/\/enshroudedserverhosting.com\/pl\/wp-json\/wp\/v2\/media\/23255"}],"wp:attachment":[{"href":"https:\/\/enshroudedserverhosting.com\/pl\/wp-json\/wp\/v2\/media?parent=23276"}],"curies":[{"name":"wp","href":"https:\/\/api.w.org\/{rel}","templated":true}]}}