{"id":21539,"date":"2023-09-23T08:01:57","date_gmt":"2023-09-23T08:01:57","guid":{"rendered":"https:\/\/enshroudedserverhosting.com\/dom\/"},"modified":"2023-11-20T16:46:15","modified_gmt":"2023-11-20T16:46:15","slug":"dom","status":"publish","type":"page","link":"https:\/\/enshroudedserverhosting.com\/pl\/","title":{"rendered":"DOM"},"content":{"rendered":"\n<h2>\n\t\tEarly Access Date : 24 JANUARY 2024\n\t<\/h2>\n\t\t\t\tDay\n\t\t\t\tHour\n\t\t\t\tMinute\n\t\t\t\tSecond\n<h1>\n\t\tEnshrouded Server Hosting\n\t<\/h1>\n\t<p>Welcome to the world of Enshrouded Server Hosting! Enshrouded is a new <b>survival game from <a href=\"https:\/\/www.google.com\/search?sca_esv=572214004&amp;rlz=1C1GCEB_enGB1052GB1052&amp;sxsrf=AM9HkKm3OZdacqMxbeMrNGvmHNKnrS7ZUA:1697017766008&amp;q=Keen+Games&amp;si=ALGXSlYPkF2MKlZLFV56Lmj_Zy6Z70dntmeBx1DfctjYnmVI_cga63mkv5oI2xOArU0G7KKhmR6ynJE8p6GGIMiY0v2Z5SRWcgsPcLbFM7-cl1tLGCWXK2K_VH5LW8hYz5zlRZeYI6hbu3-XvYdr_7j22wtQHyKQno0B6RAerfmLu8m6NfJ_vHa7-53YsDTu2FqGSE7lOmZtGCOmb3KFhvPKeOsqZfvcVw%3D%3D&amp;sa=X&amp;ved=2ahUKEwiJ-Pro2-2BAxVJYEEAHc92DyEQmxMoAHoECCMQAg\" data-ved=\"2ahUKEwiJ-Pro2-2BAxVJYEEAHc92DyEQmxMoAHoECCMQAg\">Keen Games.<\/a> An action RPG combat<\/b>, Based in the massive open world of Embervale.\u00a0 Explore the open world&#8217;s mountains and deserts, and craft you the path and destiny.<\/p>\n\t\t\t<a href=\"#\" target=\"_self\" rel=\"noopener\">\n\t\t\t\t\t\t\tEnshrouded Hosting Coming Soon&#8230;\n\t\t\t\t\t<\/a>\n\t\t\t\t<img loading=\"lazy\" decoding=\"async\" src=\"https:\/\/enshroudedserverhosting.com\/wp-content\/uploads\/2023\/10\/enshrouded-logo-410w.png\" alt=\"Enshrouded Logo\" itemprop=\"image\" height=\"71\" width=\"410\" title=\"Enshrouded Logo\" onerror=\"this.style.display='none'\"  \/>\n<h2>\n\t\t<a href=\"https:\/\/www.ign.com\/articles\/enshrouded-looks-like-a-promising-mix-of-valheim-and-minecraft\" title=\"&quot;Enshrouded - A Promising Mix of Valheim and Minecraft&quot;\" target=\"_self\" rel=\"noopener\">\n\t\t&#8222;Enshrouded &#8211; A Promising Mix of Valheim and Minecraft&#8221;\n\t\t<\/a>\n\t<\/h2>\n\t\t\t\t<img loading=\"lazy\" decoding=\"async\" src=\"https:\/\/enshroudedserverhosting.com\/wp-content\/uploads\/2023\/10\/ignlogo-300x125.png\" alt=\"ign logo\" itemprop=\"image\" height=\"125\" width=\"300\" title=\"ignlogo\" onerror=\"this.style.display='none'\"  \/>\n\t\t\t\t<img loading=\"lazy\" decoding=\"async\" src=\"https:\/\/enshroudedserverhosting.com\/wp-content\/uploads\/2023\/10\/pc-gamer4849-300x225.jpg\" alt=\"pc gamer\" itemprop=\"image\" height=\"225\" width=\"300\" title=\"pc-gamer4849\" onerror=\"this.style.display='none'\"  \/>\n<h2>\n\t\t<a href=\"https:\/\/www.pcgamer.com\/sorry-but-the-8-hour-demo-of-co-op-survival-rpg-enshrouded-isnt-long-enough-for-me\/\" title=\"&quot;Base-building, traversal with grapplers and wingsuits, and a big, mysterious open world has me wanting more. Now!&quot;\" target=\"_self\" rel=\"noopener\">\n\t\t&#8222;Base-building, traversal with grapplers and wingsuits, and a big, mysterious open world has me wanting more. Now!&#8221;\n\t\t<\/a>\n\t<\/h2>\n<h2>\n\t\t<a href=\"https:\/\/www.gamesradar.com\/the-most-popular-game-in-steam-next-fest-is-a-valheim-style-survival-game-with-dark-souls-style-bosses\/\" title=\"Enshrouded&#039;s demo has taken over Steam Next Fest!\" target=\"_self\" rel=\"noopener\">\n\t\tEnshrouded&#8217;s demo has taken over Steam Next Fest!\n\t\t<\/a>\n\t<\/h2>\n\t\t\t\t<img loading=\"lazy\" decoding=\"async\" src=\"https:\/\/enshroudedserverhosting.com\/wp-content\/uploads\/2023\/10\/JXNhdRVtpoqg9Xte5X24ya.jpg\" alt=\"gamesradar\" itemprop=\"image\" height=\"1080\" width=\"1920\" title=\"JXNhdRVtpoqg9Xte5X24ya\" onerror=\"this.style.display='none'\"  \/>\n\t<p>Why Choose Us?<\/p>\n<h2>\n\t\tWhy We Are The Best\n\t<\/h2>\n\t<p>Our expertise lies in hosting Enshrouded servers. Our meticulously designed control panel simplifies the process of configuring and managing your Enshrouded game server, ensuring a seamless experience. We eliminate the complexities of running a thriving server, granting you the freedom to focus on what truly matters.<\/p>\n\t<ul>\n\t\t<li>\t\t\t\t\n\t\t<h3>RYZEN 9 HARDWARE<\/h3><\/li><li>\t\t\t\t\n\t\t<h3>INSTANT SETUP<\/h3><\/li><li>\t\t\t\t\n\t\t<h3>MONEY BACK GUARANTEE <\/h3><\/li><li>\t\t\t\t\n\t\t<h3>AUTOMATIC OFFSITE BACKUPS<\/h3><\/li>\t<\/ul>\n\t\t\t<h3>24 Hour Support<\/h3>\t\t\t\n\t\t\t\t<p>We pride ourselves on our blazing-fast support, all of our support queries are answered and resolved within 5 minutes.\u00a0<\/p>\n\t\t\t<h3>Guaranteed<\/h3>\t\t\t\n\t\t\t\t<p>If you are not happy with your Enshrouded hosting for any reason we will refund you.\u00a0<\/p>\n\t\t\t<h3>Ryzen 9 Hardware<\/h3>\t\t\t\n\t\t\t\t<p>We use 5950x and 7950x Ryzen 9 machines. Only the best for our customers.\u00a0<\/p>\n\t\t\t<h3>Instant Setup<\/h3>\t\t\t\n\t\t\t\t<p>We will setup your Enshrouded game server instantly. You will be playing in a matter of seconds.<\/p>\n\n","protected":false},"excerpt":{"rendered":"<p>Early Access Date : 24 JANUARY 2024 Day Hour Minute Second Enshrouded Server Hosting Welcome to the world of Enshrouded Server Hosting! Enshrouded is a new survival game from Keen Games. An action RPG combat, Based in the massive open world of Embervale.\u00a0 Explore the open world&#8217;s mountains and deserts, and craft you the path&hellip;<\/p>\n","protected":false},"author":1,"featured_media":21392,"parent":0,"menu_order":0,"comment_status":"closed","ping_status":"closed","template":"","meta":{"footnotes":""},"class_list":["post-21539","page","type-page","status-publish","has-post-thumbnail","hentry"],"yoast_head":"<!-- This site is optimized with the Yoast SEO plugin v27.4 - https:\/\/yoast.com\/product\/yoast-seo-wordpress\/ -->\n<title>Hosting serwer\u00f3w Enshrouded - Serwery dedykowane - Gra Enshrouded<\/title>\n<meta name=\"description\" content=\"Enshrouded Server Hosting ju\u017c wkr\u00f3tce z 24-godzinnym dedykowanym zespo\u0142em wsparcia, lokalizacjami centr\u00f3w danych na ca\u0142ym \u015bwiecie i 15-letnim do\u015bwiadczeniem firmy.\" \/>\n<meta name=\"robots\" content=\"index, follow, max-snippet:-1, max-image-preview:large, max-video-preview:-1\" \/>\n<link rel=\"canonical\" href=\"https:\/\/enshroudedserverhosting.com\/pl\/\" \/>\n<meta property=\"og:locale\" content=\"pl_PL\" \/>\n<meta property=\"og:type\" content=\"article\" \/>\n<meta property=\"og:title\" content=\"Hosting serwer\u00f3w Enshrouded - Serwery dedykowane - Gra Enshrouded\" \/>\n<meta property=\"og:description\" content=\"Enshrouded Server Hosting ju\u017c wkr\u00f3tce z 24-godzinnym dedykowanym zespo\u0142em wsparcia, lokalizacjami centr\u00f3w danych na ca\u0142ym \u015bwiecie i 15-letnim do\u015bwiadczeniem firmy.\" \/>\n<meta property=\"og:url\" content=\"https:\/\/enshroudedserverhosting.com\/pl\/\" \/>\n<meta property=\"og:site_name\" content=\"Enshrouded Server Hosting\" \/>\n<meta property=\"article:modified_time\" content=\"2023-11-20T16:46:15+00:00\" \/>\n<meta property=\"og:image\" content=\"https:\/\/enshroudedserverhosting.com\/wp-content\/uploads\/2023\/10\/enshrouded-1200x628-1.jpg\" \/>\n\t<meta property=\"og:image:width\" content=\"1200\" \/>\n\t<meta property=\"og:image:height\" content=\"628\" \/>\n\t<meta property=\"og:image:type\" content=\"image\/jpeg\" \/>\n<meta name=\"twitter:card\" content=\"summary_large_image\" \/>\n<meta name=\"twitter:label1\" content=\"Szacowany czas czytania\" \/>\n\t<meta name=\"twitter:data1\" content=\"1 minuta\" \/>\n<script type=\"application\/ld+json\" class=\"yoast-schema-graph\">{\"@context\":\"https:\\\/\\\/schema.org\",\"@graph\":[{\"@type\":\"WebPage\",\"@id\":\"https:\\\/\\\/enshroudedserverhosting.com\\\/pl\\\/\",\"url\":\"https:\\\/\\\/enshroudedserverhosting.com\\\/pl\\\/\",\"name\":\"Hosting serwer\u00f3w Enshrouded - Serwery dedykowane - Gra Enshrouded\",\"isPartOf\":{\"@id\":\"https:\\\/\\\/enshroudedserverhosting.com\\\/pl\\\/#website\"},\"primaryImageOfPage\":{\"@id\":\"https:\\\/\\\/enshroudedserverhosting.com\\\/pl\\\/#primaryimage\"},\"image\":{\"@id\":\"https:\\\/\\\/enshroudedserverhosting.com\\\/pl\\\/#primaryimage\"},\"thumbnailUrl\":\"https:\\\/\\\/enshroudedserverhosting.com\\\/wp-content\\\/uploads\\\/2023\\\/10\\\/enshrouded-1200x628-1.jpg\",\"datePublished\":\"2023-09-23T08:01:57+00:00\",\"dateModified\":\"2023-11-20T16:46:15+00:00\",\"description\":\"Enshrouded Server Hosting ju\u017c wkr\u00f3tce z 24-godzinnym dedykowanym zespo\u0142em wsparcia, lokalizacjami centr\u00f3w danych na ca\u0142ym \u015bwiecie i 15-letnim do\u015bwiadczeniem firmy.\",\"breadcrumb\":{\"@id\":\"https:\\\/\\\/enshroudedserverhosting.com\\\/pl\\\/#breadcrumb\"},\"inLanguage\":\"pl-PL\",\"potentialAction\":[{\"@type\":\"ReadAction\",\"target\":[\"https:\\\/\\\/enshroudedserverhosting.com\\\/pl\\\/\"]}]},{\"@type\":\"ImageObject\",\"inLanguage\":\"pl-PL\",\"@id\":\"https:\\\/\\\/enshroudedserverhosting.com\\\/pl\\\/#primaryimage\",\"url\":\"https:\\\/\\\/enshroudedserverhosting.com\\\/wp-content\\\/uploads\\\/2023\\\/10\\\/enshrouded-1200x628-1.jpg\",\"contentUrl\":\"https:\\\/\\\/enshroudedserverhosting.com\\\/wp-content\\\/uploads\\\/2023\\\/10\\\/enshrouded-1200x628-1.jpg\",\"width\":1200,\"height\":628},{\"@type\":\"BreadcrumbList\",\"@id\":\"https:\\\/\\\/enshroudedserverhosting.com\\\/pl\\\/#breadcrumb\",\"itemListElement\":[{\"@type\":\"ListItem\",\"position\":1,\"name\":\"Home\",\"item\":\"https:\\\/\\\/enshroudedserverhosting.com\\\/pl\\\/\"},{\"@type\":\"ListItem\",\"position\":2,\"name\":\"DOM\"}]},{\"@type\":\"WebSite\",\"@id\":\"https:\\\/\\\/enshroudedserverhosting.com\\\/pl\\\/#website\",\"url\":\"https:\\\/\\\/enshroudedserverhosting.com\\\/pl\\\/\",\"name\":\"Enshrouded Server Hosting\",\"description\":\"Enshrouded Server Hosting\",\"potentialAction\":[{\"@type\":\"SearchAction\",\"target\":{\"@type\":\"EntryPoint\",\"urlTemplate\":\"https:\\\/\\\/enshroudedserverhosting.com\\\/pl\\\/?s={search_term_string}\"},\"query-input\":{\"@type\":\"PropertyValueSpecification\",\"valueRequired\":true,\"valueName\":\"search_term_string\"}}],\"inLanguage\":\"pl-PL\"}]}<\/script>\n<!-- \/ Yoast SEO plugin. -->","yoast_head_json":{"title":"Hosting serwer\u00f3w Enshrouded - Serwery dedykowane - Gra Enshrouded","description":"Enshrouded Server Hosting ju\u017c wkr\u00f3tce z 24-godzinnym dedykowanym zespo\u0142em wsparcia, lokalizacjami centr\u00f3w danych na ca\u0142ym \u015bwiecie i 15-letnim do\u015bwiadczeniem firmy.","robots":{"index":"index","follow":"follow","max-snippet":"max-snippet:-1","max-image-preview":"max-image-preview:large","max-video-preview":"max-video-preview:-1"},"canonical":"https:\/\/enshroudedserverhosting.com\/pl\/","og_locale":"pl_PL","og_type":"article","og_title":"Hosting serwer\u00f3w Enshrouded - Serwery dedykowane - Gra Enshrouded","og_description":"Enshrouded Server Hosting ju\u017c wkr\u00f3tce z 24-godzinnym dedykowanym zespo\u0142em wsparcia, lokalizacjami centr\u00f3w danych na ca\u0142ym \u015bwiecie i 15-letnim do\u015bwiadczeniem firmy.","og_url":"https:\/\/enshroudedserverhosting.com\/pl\/","og_site_name":"Enshrouded Server Hosting","article_modified_time":"2023-11-20T16:46:15+00:00","og_image":[{"width":1200,"height":628,"url":"https:\/\/enshroudedserverhosting.com\/wp-content\/uploads\/2023\/10\/enshrouded-1200x628-1.jpg","type":"image\/jpeg"}],"twitter_card":"summary_large_image","twitter_misc":{"Szacowany czas czytania":"1 minuta"},"schema":{"@context":"https:\/\/schema.org","@graph":[{"@type":"WebPage","@id":"https:\/\/enshroudedserverhosting.com\/pl\/","url":"https:\/\/enshroudedserverhosting.com\/pl\/","name":"Hosting serwer\u00f3w Enshrouded - Serwery dedykowane - Gra Enshrouded","isPartOf":{"@id":"https:\/\/enshroudedserverhosting.com\/pl\/#website"},"primaryImageOfPage":{"@id":"https:\/\/enshroudedserverhosting.com\/pl\/#primaryimage"},"image":{"@id":"https:\/\/enshroudedserverhosting.com\/pl\/#primaryimage"},"thumbnailUrl":"https:\/\/enshroudedserverhosting.com\/wp-content\/uploads\/2023\/10\/enshrouded-1200x628-1.jpg","datePublished":"2023-09-23T08:01:57+00:00","dateModified":"2023-11-20T16:46:15+00:00","description":"Enshrouded Server Hosting ju\u017c wkr\u00f3tce z 24-godzinnym dedykowanym zespo\u0142em wsparcia, lokalizacjami centr\u00f3w danych na ca\u0142ym \u015bwiecie i 15-letnim do\u015bwiadczeniem firmy.","breadcrumb":{"@id":"https:\/\/enshroudedserverhosting.com\/pl\/#breadcrumb"},"inLanguage":"pl-PL","potentialAction":[{"@type":"ReadAction","target":["https:\/\/enshroudedserverhosting.com\/pl\/"]}]},{"@type":"ImageObject","inLanguage":"pl-PL","@id":"https:\/\/enshroudedserverhosting.com\/pl\/#primaryimage","url":"https:\/\/enshroudedserverhosting.com\/wp-content\/uploads\/2023\/10\/enshrouded-1200x628-1.jpg","contentUrl":"https:\/\/enshroudedserverhosting.com\/wp-content\/uploads\/2023\/10\/enshrouded-1200x628-1.jpg","width":1200,"height":628},{"@type":"BreadcrumbList","@id":"https:\/\/enshroudedserverhosting.com\/pl\/#breadcrumb","itemListElement":[{"@type":"ListItem","position":1,"name":"Home","item":"https:\/\/enshroudedserverhosting.com\/pl\/"},{"@type":"ListItem","position":2,"name":"DOM"}]},{"@type":"WebSite","@id":"https:\/\/enshroudedserverhosting.com\/pl\/#website","url":"https:\/\/enshroudedserverhosting.com\/pl\/","name":"Enshrouded Server Hosting","description":"Enshrouded Server Hosting","potentialAction":[{"@type":"SearchAction","target":{"@type":"EntryPoint","urlTemplate":"https:\/\/enshroudedserverhosting.com\/pl\/?s={search_term_string}"},"query-input":{"@type":"PropertyValueSpecification","valueRequired":true,"valueName":"search_term_string"}}],"inLanguage":"pl-PL"}]}},"_links":{"self":[{"href":"https:\/\/enshroudedserverhosting.com\/pl\/wp-json\/wp\/v2\/pages\/21539","targetHints":{"allow":["GET"]}}],"collection":[{"href":"https:\/\/enshroudedserverhosting.com\/pl\/wp-json\/wp\/v2\/pages"}],"about":[{"href":"https:\/\/enshroudedserverhosting.com\/pl\/wp-json\/wp\/v2\/types\/page"}],"author":[{"embeddable":true,"href":"https:\/\/enshroudedserverhosting.com\/pl\/wp-json\/wp\/v2\/users\/1"}],"replies":[{"embeddable":true,"href":"https:\/\/enshroudedserverhosting.com\/pl\/wp-json\/wp\/v2\/comments?post=21539"}],"version-history":[{"count":0,"href":"https:\/\/enshroudedserverhosting.com\/pl\/wp-json\/wp\/v2\/pages\/21539\/revisions"}],"wp:featuredmedia":[{"embeddable":true,"href":"https:\/\/enshroudedserverhosting.com\/pl\/wp-json\/wp\/v2\/media\/21392"}],"wp:attachment":[{"href":"https:\/\/enshroudedserverhosting.com\/pl\/wp-json\/wp\/v2\/media?parent=21539"}],"curies":[{"name":"wp","href":"https:\/\/api.w.org\/{rel}","templated":true}]}}